{"id":106,"date":"2019-03-15T14:04:06","date_gmt":"2019-03-15T14:04:06","guid":{"rendered":"http:\/\/mxnc.mx\/casa\/"},"modified":"2021-01-27T18:00:34","modified_gmt":"2021-01-27T18:00:34","slug":"casa","status":"publish","type":"page","link":"https:\/\/mxnc.mx\/es\/","title":{"rendered":"Casa"},"content":{"rendered":"\n\n\t\t\t\t<img loading=\"lazy\" src=\"https:\/\/mxnc.mx\/wp-content\/uploads\/2019\/03\/mxnc_nolettering.png\" alt=\"mxnc_nolettering\" itemprop=\"image\" height=\"256\" width=\"350\" title=\"mxnc_nolettering\" onerror=\"this.style.display='none'\"  \/>\n<h2>\n\t\tIntroduciendo MXNC\n\t<\/h2>\n\t<p>Brindando a la gente de M\u00e9xico una estabilidad y seguridad<\/p>\n\t\t\t<a href=\"https:\/\/app.uniswap.org\/#\/swap\" target=\"_blank\" role=\"button\" rel=\"noopener noreferrer\">\n\t\t\t\t\t\t\tCOMPRAR MXC EN UNISWAP\n\t\t\t\t\t<\/a>\n\t\t\t\t<img loading=\"lazy\" src=\"https:\/\/mxnc.mx\/wp-content\/uploads\/2019\/03\/MXNC-Header-Banner.png\" alt=\"Banner de encabezado MXNC\" itemprop=\"image\" height=\"148\" width=\"712\" title=\"Banner de encabezado MXNC\" onerror=\"this.style.display='none'\"  \/>\n\t\t\t\t<img loading=\"lazy\" src=\"https:\/\/mxnc.mx\/wp-content\/uploads\/2019\/03\/mxnc_nolettering.png\" alt=\"mxnc_nolettering\" itemprop=\"image\" height=\"256\" width=\"350\" title=\"mxnc_nolettering\" onerror=\"this.style.display='none'\"  \/>\n<h2>\n\t\tIntroduciendo MXNC\n\t<\/h2>\n\t<p>Brindando a la gente de M\u00e9xico una estabilidad y seguridad<\/p>\n\t\t\t\t<img loading=\"lazy\" src=\"https:\/\/mxnc.mx\/wp-content\/uploads\/2019\/03\/MXNC-Header-Banner.png\" alt=\"Banner de encabezado MXNC\" itemprop=\"image\" height=\"148\" width=\"712\" title=\"Banner de encabezado MXNC\" onerror=\"this.style.display='none'\"  \/>\n\t\t\t<a href=\"https:\/\/app.uniswap.org\/#\/swap\" target=\"_self\" role=\"button\" rel=\"noopener noreferrer\">\n\t\t\t\t\t\t\tCOMPRE MXNC EN UNISWAP\n\t\t\t\t\t<\/a>\n<h1>\n\t\tNinguna Autoridad Centralizada. Ninguna Corrupci\u00f3n.\n\t<\/h1>\n\t<p>MXNC es una activo digital estable y utilizable por cualquier persona. MXNC es una reserva de valor representada como una ficha criptogr\u00e1fica en una cadena de bloques (blockchain) espec\u00edfica. MXNC siempre es valorada al 1:1 por el peso mexicano. Los pesos son guardados en bancos mexicanos y su valor de 1:1 es comprobado por el Consejo de Administraci\u00f3n. Por cada MXNC creada, 1 peso ser\u00e1 depositado en los bancos mexicanos. Por cada peso redimido, se quemar\u00e1 unaMXNC. El valor siempre sigue siendo el mismo, por eso usamos el t\u00e9rmino \u00abStablecoin\u00bb (moneda estable).<\/p>\n\t<iframe width=\"560\" height=\"315\" src=\"https:\/\/www.youtube.com\/embed\/YU42L9-SqG0\" frameborder=\"0\" allow=\"accelerometer; autoplay; encrypted-media; gyroscope; picture-in-picture\" allowfullscreen><\/iframe>\n<h2>\n\t\tEs Tiempo de Cambiar\n\t<\/h2>\n\t<p>Para qu\u00e9 considerar MXNC? Como en todos los corporaciones, instituciones financieras y cualquier otro sistema, siempre existir\u00e1 la corrupci\u00f3n, la avaricia y otros errores. MXNC tiene la capacidad de reducir y posiblemente eliminar todosestos problemas. Al eliminar estos problemas, podemos restablecer la fe en las instituciones financieras, las corporaciones y proporcionar una sola fuente de verdad, sin ninguna autoridad centralizada.<\/p>\n\t\t\t\t\t\t\t\t\t\t<img src=\"https:\/\/mxnc.mx\/wp-content\/uploads\/2019\/03\/graphic-value-scale@2x.png\" alt=\"graphic-value-scale@2x\" itemprop=\"image\"  \/>\n\t\t\t\t\t\t\t\t\t\t<img src=\"https:\/\/mxnc.mx\/wp-content\/uploads\/2019\/03\/graphic-trust-magnifying-glass@2x.png\" alt=\"graphic-trust-magnifying-glass@2x\" itemprop=\"image\"  \/>\n\t\t\t\t\t\t\t\t\t\t<img src=\"https:\/\/mxnc.mx\/wp-content\/uploads\/2019\/03\/graphic-validation-node@2x.png\" alt=\"graphic-validation-node@2x\" itemprop=\"image\"  \/>\n\t<h2><strong>VALOR<\/strong><\/h2>\n<p>MXNC siempre ser ser\u00e1 vinculado al peso mexicano en una proporci\u00f3n de 1:1. En cualquier momento MXNC puede comprarse directamente del fideicomiso y se puede intercambiar con el fideicomiso en una proporci\u00f3n de 1:1.<\/p>\n\t<h2><strong>CONFIANZA<\/strong><\/h2>\n<p>MXNC se basa en una blockchain \u00fatil con nodos completos. Estos nodos pueden ser utilizados por terceros para realizar transacciones y auditar la red. MXNC tiene muchas cualidades positivas de las activo digital superiores.<\/p>\n\t<h2><strong>VALIDACI\u00d3N<\/strong><\/h2>\n<p>MXNC opera en los nodos validadores que sirven para validar las transacciones y proporcionar un consenso a la red. Independientemente se seleccionan los nodos validadores por el fideicomiso.<\/p>\n<h2>\n\t\tES TIEMPO DE CAMBIAR\n\t<\/h2>\n\t<p>Para qu\u00e9 considerar MXNC? Como en todos los corporaciones, instituciones financieras y cualquier otro sistema, siempre existir\u00e1 la corrupci\u00f3n, la avaricia y otros errores. MXNC tiene la capacidad de reducir y posiblemente eliminar todosestos problemas. Al eliminar estos problemas, podemos restablecer la fe en las instituciones financieras, las corporaciones y proporcionar una sola fuente de verdad, sin ninguna autoridad centralizada.<\/p>\n\t\t\t\t\t\t\t\t\t\t<img src=\"https:\/\/mxnc.mx\/wp-content\/uploads\/2019\/03\/graphic-value-scale@2x.png\" alt=\"graphic-value-scale@2x\" itemprop=\"image\"  \/>\n\t<h2><strong>VALOR<\/strong><\/h2>\n<p>MXNC siempre ser ser\u00e1 vinculado al peso mexicano en una proporci\u00f3n de 1:1. En cualquier momento MXNC puede comprarse directamente del fideicomiso y se puede intercambiar con el fideicomiso en una proporci\u00f3n de 1:1.<\/p>\n\t\t\t\t\t\t\t\t\t\t<img src=\"https:\/\/mxnc.mx\/wp-content\/uploads\/2019\/03\/graphic-trust-magnifying-glass@2x.png\" alt=\"graphic-trust-magnifying-glass@2x\" itemprop=\"image\"  \/>\n\t<h2><strong>CONFIANZA<\/strong><\/h2>\n<p>MXNC se basa en una blockchain \u00fatil con nodos completos. Estos nodos pueden ser utilizados por terceros para realizar transacciones y auditar la red. MXNC tiene muchas cualidades positivas de las activo digital superiores.<\/p>\n\t\t\t\t\t\t\t\t\t\t<img src=\"https:\/\/mxnc.mx\/wp-content\/uploads\/2019\/03\/graphic-validation-node@2x.png\" alt=\"graphic-validation-node@2x\" itemprop=\"image\"  \/>\n\t<h2><strong>VALIDACI\u00d3N<\/strong><\/h2>\n<p>MXNC opera en los nodos validadores que sirven para validar las transacciones y proporcionar un consenso a la red. Independientemente se seleccionan los nodos validadores por el fideicomiso.<\/p>\n<h2>\n\t\tQU\u00c9 ES UN STABLECOIN?\n\t<\/h2>\n\t<p>Stablecoins son activo digital dise\u00f1adas para minimizar los efectos de la volatilidad de los precios, por lo tanto, funcionan como dep\u00f3sito de valor y una unidad de contabilidad. Para minimizar la volatilidad, el valor de una Stablecoin se puede vincular a la moneda fiat, o se puede utilizar para el intercambio comercializado de materias primas como metales preciosos o de metales industriales.<\/p>\n\t\t\t<a href=\"http:\/\/mxnc.mx\/wp-content\/uploads\/2019\/03\/MXNC-English_updated.pdf\" target=\"_self\" role=\"button\" rel=\"noopener noreferrer\">\n\t\t\t\t\t\t\tAPRENDER SOBRE LA TECNOLOG\u00cdA\n\t\t\t\t\t<\/a>\n<h2>\n\t\tCARACTERISTICAS\n\t<\/h2>\n\t\t\t\t\t\t\t\t\t\t<img src=\"https:\/\/mxnc.mx\/wp-content\/uploads\/2019\/03\/graphic-available-when-you-need-it@2x.png\" alt=\"graphic-available-when-you-need-it@2x\" itemprop=\"image\"  \/>\n\t\t\t\t\t\t\t\t\t\t<img src=\"https:\/\/mxnc.mx\/wp-content\/uploads\/2019\/03\/graphic-combination-of-convenience@2x.png\" alt=\"graphic-combination-of-convenience@2x\" itemprop=\"image\"  \/>\n\t<h2><strong>DISPONIBLE CUANDO LO NECESITAS<\/strong><\/h2>\n<p>MXNC es construido para el tiempo de funcionamiento 100%, utilizando la tecnolog\u00edade Hyperledger Enterprise y blockchains de activo digital Dash. Siempre sin tiempo de inactividad.<\/p>\n\t<h2><strong>COMBINACI\u00d3N DE CONVENIENCIA Y RESPONSABILIDAD<\/strong><\/h2>\n<p>MXNC es instant\u00e1neo, a diferencia de cable y otr as formas de transferencia \u2022 que t oma d\u00edas para confirmar. Adem\u00e1s, MXNC cuesta una fr acci\u00f3n de un peso para usar vs varios porcentajes de todos \u2022 los dem\u00e1s m\u00e9t odos.<\/p>\n\t\t\t\t\t\t\t\t\t\t<img src=\"https:\/\/mxnc.mx\/wp-content\/uploads\/2019\/03\/graphic-security-trust@2x.png\" alt=\"graphic-security-trust@2x\" itemprop=\"image\"  \/>\n\t\t\t\t\t\t\t\t\t\t<img src=\"https:\/\/mxnc.mx\/wp-content\/uploads\/2019\/03\/graphic-low-barrier@2x.png\" alt=\"graphic-low-barrier@2x\" itemprop=\"image\"  \/>\n\t<h2><strong>SEGURIDAD Y CONFIANZA A TRAV\u00c9S DE LA TRANSPARENCIA<\/strong><\/h2>\n<p>MXNC es tr ansparente, constuida en una blockchain abierta, cualquier persona puede auditar . Esto enfatiza la seguridad y la \u00e9tica en las transacciones de MXNC.<\/p>\n\t<h2><strong>BAJA BARRERA DE ENTRADA<\/strong><\/h2>\n<p>MXNC se puede almacenar y usar f\u00e1cilmente en todo el mundo a trav\u00e9s de carteras de hardware o software. Brindar a los usuarios la posibilidad de participar en transacciones diarias las 24 horas del d\u00eda.<\/p>\n<h2>\n\t\tCARACTERISTICAS\n\t<\/h2>\n\t\t\t\t\t\t\t\t\t\t<img src=\"https:\/\/mxnc.mx\/wp-content\/uploads\/2019\/03\/graphic-available-when-you-need-it@2x.png\" alt=\"graphic-available-when-you-need-it@2x\" itemprop=\"image\"  \/>\n\t<h2><strong>DISPONIBLE CUANDO LO NECESITAS<\/strong><\/h2>\n<p>MXNC es construido para el tiempo de funcionamiento 100%, utilizando la tecnolog\u00edade Hyperledger Enterprise y blockchains de activo digital Dash. Siempre sin tiempo de inactividad.<\/p>\n\t\t\t\t\t\t\t\t\t\t<img src=\"https:\/\/mxnc.mx\/wp-content\/uploads\/2019\/03\/graphic-combination-of-convenience@2x.png\" alt=\"graphic-combination-of-convenience@2x\" itemprop=\"image\"  \/>\n\t<h2><strong>COMBINACI\u00d3N DE CONVENIENCIA Y RESPONSABILIDAD<\/strong><\/h2>\n<p>MXNC es instant\u00e1neo, a diferencia de cable y otr as formas de transferencia \u2022 que t oma d\u00edas para confirmar. Adem\u00e1s, MXNC cuesta una fr acci\u00f3n de un peso para usar vs varios porcentajes de todos \u2022 los dem\u00e1s m\u00e9t odos.<\/p>\n\t\t\t\t\t\t\t\t\t\t<img src=\"https:\/\/mxnc.mx\/wp-content\/uploads\/2019\/03\/graphic-security-trust@2x.png\" alt=\"graphic-security-trust@2x\" itemprop=\"image\"  \/>\n\t<h2><strong>SEGURIDAD Y CONFIANZA A TRAV\u00c9S DE LA TRANSPARENCIA<\/strong><\/h2>\n<p>MXNC es tr ansparente, constuida en una blockchain abierta, cualquier persona puede auditar . Esto enfatiza la seguridad y la \u00e9tica en las transacciones de MXNC.<\/p>\n\t\t\t\t\t\t\t\t\t\t<img src=\"https:\/\/mxnc.mx\/wp-content\/uploads\/2019\/03\/graphic-low-barrier@2x.png\" alt=\"graphic-low-barrier@2x\" itemprop=\"image\"  \/>\n\t<h2><strong>BAJA BARRERA DE ENTRADA<\/strong><\/h2>\n<p>MXNC se puede almacenar y usar f\u00e1cilmente en todo el mundo a trav\u00e9s de carteras de hardware o software. Brindar a los usuarios la posibilidad de participar en transacciones diarias las 24 horas del d\u00eda.<\/p>\n\n","protected":false},"excerpt":{"rendered":"<p>Introduciendo MXNC Brindando a la gente de M\u00e9xico una estabilidad y seguridad COMPRAR MXC EN UNISWAP Introduciendo MXNC Brindando a la gente de M\u00e9xico una estabilidad y seguridad COMPRE MXNC EN UNISWAP Ninguna Autoridad Centralizada. Ninguna Corrupci\u00f3n. MXNC es una activo digital estable y utilizable por cualquier persona. MXNC es una reserva de valor representada&hellip;<\/p>\n","protected":false},"author":1,"featured_media":0,"parent":0,"menu_order":0,"comment_status":"closed","ping_status":"closed","template":"","meta":[],"yoast_head":"<!-- This site is optimized with the Yoast SEO plugin v15.7 - https:\/\/yoast.com\/wordpress\/plugins\/seo\/ -->\n<title>MXNC, The Stablecoin Mexicano - Un Stablecoin seguro y confiable<\/title>\n<meta name=\"description\" content=\"MXNC - The Mexican Stablecoin, un proyecto de Distributed Ledger, Inc. El MXNC proporciona a las personas de M\u00e9xico un establo seguro y confiable vinculado 1: 1 al peso.\" \/>\n<meta name=\"robots\" content=\"index, follow, max-snippet:-1, max-image-preview:large, max-video-preview:-1\" \/>\n<link rel=\"canonical\" href=\"https:\/\/mxnc.mx\/es\/\" \/>\n<meta property=\"og:locale\" content=\"es_ES\" \/>\n<meta property=\"og:type\" content=\"article\" \/>\n<meta property=\"og:title\" content=\"MXNC, The Stablecoin Mexicano - Un Stablecoin seguro y confiable\" \/>\n<meta property=\"og:description\" content=\"MXNC - The Mexican Stablecoin, un proyecto de Distributed Ledger, Inc. El MXNC proporciona a las personas de M\u00e9xico un establo seguro y confiable vinculado 1: 1 al peso.\" \/>\n<meta property=\"og:url\" content=\"https:\/\/mxnc.mx\/es\/\" \/>\n<meta property=\"og:site_name\" content=\"MXNC - The Mexican Stablecoin\" \/>\n<meta property=\"article:modified_time\" content=\"2021-01-27T18:00:34+00:00\" \/>\n<meta property=\"og:image\" content=\"https:\/\/mxnc.mx\/wp-content\/uploads\/2019\/03\/mxnc_nolettering.png\" \/>\n<meta name=\"twitter:card\" content=\"summary_large_image\" \/>\n<meta name=\"twitter:label1\" content=\"Tiempo de lectura\">\n\t<meta name=\"twitter:data1\" content=\"4 minutos\">\n<script type=\"application\/ld+json\" class=\"yoast-schema-graph\">{\"@context\":\"https:\/\/schema.org\",\"@graph\":[{\"@type\":\"WebSite\",\"@id\":\"https:\/\/mxnc.mx\/#website\",\"url\":\"https:\/\/mxnc.mx\/\",\"name\":\"MXNC - The Mexican Stablecoin\",\"description\":\"No Centralized Authority, No Corruption\",\"inLanguage\":\"es\"},{\"@type\":\"ImageObject\",\"@id\":\"https:\/\/mxnc.mx\/es\/#primaryimage\",\"inLanguage\":\"es\",\"url\":\"https:\/\/mxnc.mx\/wp-content\/uploads\/2019\/03\/mxnc_nolettering.png\",\"width\":350,\"height\":256},{\"@type\":\"WebPage\",\"@id\":\"https:\/\/mxnc.mx\/es\/#webpage\",\"url\":\"https:\/\/mxnc.mx\/es\/\",\"name\":\"MXNC, The Stablecoin Mexicano - Un Stablecoin seguro y confiable\",\"isPartOf\":{\"@id\":\"https:\/\/mxnc.mx\/#website\"},\"primaryImageOfPage\":{\"@id\":\"https:\/\/mxnc.mx\/es\/#primaryimage\"},\"datePublished\":\"2019-03-15T14:04:06+00:00\",\"dateModified\":\"2021-01-27T18:00:34+00:00\",\"description\":\"MXNC - The Mexican Stablecoin, un proyecto de Distributed Ledger, Inc. El MXNC proporciona a las personas de M\\u00e9xico un establo seguro y confiable vinculado 1: 1 al peso.\",\"inLanguage\":\"es\",\"potentialAction\":[{\"@type\":\"ReadAction\",\"target\":[\"https:\/\/mxnc.mx\/es\/\"]}]}]}<\/script>\n<!-- \/ Yoast SEO plugin. -->","_links":{"self":[{"href":"https:\/\/mxnc.mx\/es\/wp-json\/wp\/v2\/pages\/106"}],"collection":[{"href":"https:\/\/mxnc.mx\/es\/wp-json\/wp\/v2\/pages"}],"about":[{"href":"https:\/\/mxnc.mx\/es\/wp-json\/wp\/v2\/types\/page"}],"author":[{"embeddable":true,"href":"https:\/\/mxnc.mx\/es\/wp-json\/wp\/v2\/users\/1"}],"replies":[{"embeddable":true,"href":"https:\/\/mxnc.mx\/es\/wp-json\/wp\/v2\/comments?post=106"}],"version-history":[{"count":6,"href":"https:\/\/mxnc.mx\/es\/wp-json\/wp\/v2\/pages\/106\/revisions"}],"predecessor-version":[{"id":181,"href":"https:\/\/mxnc.mx\/es\/wp-json\/wp\/v2\/pages\/106\/revisions\/181"}],"wp:attachment":[{"href":"https:\/\/mxnc.mx\/es\/wp-json\/wp\/v2\/media?parent=106"}],"curies":[{"name":"wp","href":"https:\/\/api.w.org\/{rel}","templated":true}]}}